{"id":39,"date":"2022-08-23T20:47:35","date_gmt":"2022-08-23T18:47:35","guid":{"rendered":"https:\/\/synergabp.dfirma.pl\/?page_id=39"},"modified":"2022-09-19T23:48:36","modified_gmt":"2022-09-19T21:48:36","slug":"referencje","status":"publish","type":"page","link":"https:\/\/synerga-bp.pl\/index.php\/referencje\/","title":{"rendered":"Referencje"},"content":{"rendered":"<p>[et_pb_section fb_built=&#8221;1&#8243; custom_padding_last_edited=&#8221;off|tablet&#8221; admin_label=&#8221;Header&#8221; _builder_version=&#8221;4.18.0&#8243; _module_preset=&#8221;default&#8221; background_color=&#8221;gcid-a1027310-177f-434f-a6d4-64bc6bfc2d09&#8243; background_image=&#8221;https:\/\/synergabp.dfirma.pl\/wp-content\/uploads\/2022\/09\/referencje.jpg&#8221; custom_padding=&#8221;||0px||false|false&#8221; custom_padding_phone=&#8221;60px||||false|false&#8221; global_colors_info=&#8221;{%22gcid-a1027310-177f-434f-a6d4-64bc6bfc2d09%22:%91%22background_color%22%93}&#8221;][et_pb_row column_structure=&#8221;3_4,1_4&#8243; use_custom_gutter=&#8221;on&#8221; gutter_width=&#8221;4&#8243; _builder_version=&#8221;4.16&#8243; _module_preset=&#8221;default&#8221; global_colors_info=&#8221;{}&#8221;][et_pb_column type=&#8221;3_4&#8243; _builder_version=&#8221;4.16&#8243; _module_preset=&#8221;default&#8221; global_colors_info=&#8221;{}&#8221;][et_pb_text _builder_version=&#8221;4.18.0&#8243; _module_preset=&#8221;d72c0383-6487-4f2c-ac5c-7d48a6376757&#8243; header_font=&#8221;Chakra Petch|700|||||||&#8221; header_text_color=&#8221;#FFFFFF&#8221; header_font_size=&#8221;120px&#8221; header_font_size_tablet=&#8221;50px&#8221; header_font_size_phone=&#8221;24px&#8221; header_font_size_last_edited=&#8221;on|phone&#8221; global_colors_info=&#8221;{}&#8221;]<\/p>\n<h1>Referencje<\/h1>\n<p>[\/et_pb_text][et_pb_button button_url=&#8221;https:\/\/synergabp.dfirma.pl\/index.php\/kontakt\/&#8221; button_text=&#8221;Kontakt&#8221; _builder_version=&#8221;4.18.0&#8243; _module_preset=&#8221;363528df-7a78-4b8b-b056-96826b579607&#8243; custom_button=&#8221;on&#8221; button_text_size=&#8221;18px&#8221; button_text_color=&#8221;#000000&#8243; button_bg_color=&#8221;#ffd600&#8243; button_border_width=&#8221;0px&#8221; button_border_radius=&#8221;0px&#8221; button_font=&#8221;Exo|600|||||||&#8221; button_use_icon=&#8221;off&#8221; custom_padding=&#8221;18px|40px|18px|40px|true|true&#8221; custom_padding_tablet=&#8221;16px|35px|16px|35px|true|true&#8221; custom_padding_phone=&#8221;14px|30px|14px|30px|true|true&#8221; custom_padding_last_edited=&#8221;on|phone&#8221; button_text_size_tablet=&#8221;17px&#8221; button_text_size_phone=&#8221;16px&#8221; button_text_size_last_edited=&#8221;on|phone&#8221; locked=&#8221;off&#8221; global_colors_info=&#8221;{}&#8221; button_bg_color__hover=&#8221;#FFFFFF&#8221; button_bg_color__hover_enabled=&#8221;on|hover&#8221; button_bg_enable_color__hover=&#8221;on&#8221;][\/et_pb_button][\/et_pb_column][et_pb_column type=&#8221;1_4&#8243; _builder_version=&#8221;4.16&#8243; _module_preset=&#8221;default&#8221; global_colors_info=&#8221;{}&#8221;][\/et_pb_column][\/et_pb_row][\/et_pb_section][et_pb_section fb_built=&#8221;1&#8243; _builder_version=&#8221;4.18.0&#8243; _module_preset=&#8221;default&#8221; global_colors_info=&#8221;{}&#8221;][et_pb_row _builder_version=&#8221;4.16&#8243; _module_preset=&#8221;default&#8221; global_colors_info=&#8221;{}&#8221;][et_pb_column type=&#8221;4_4&#8243; _builder_version=&#8221;4.16&#8243; _module_preset=&#8221;default&#8221; global_colors_info=&#8221;{}&#8221;][et_pb_text _builder_version=&#8221;4.18.0&#8243; _module_preset=&#8221;32021f09-dd67-47fb-8f9a-832b72a38baf&#8221; header_2_font=&#8221;Chakra Petch|700|||||||&#8221; header_2_text_color=&#8221;#000000&#8243; header_2_font_size=&#8221;70px&#8221; header_2_line_height=&#8221;1.1em&#8221; header_2_font_size_tablet=&#8221;40px&#8221; header_2_font_size_phone=&#8221;24px&#8221; header_2_font_size_last_edited=&#8221;on|phone&#8221; locked=&#8221;off&#8221; global_colors_info=&#8221;{}&#8221;]<\/p>\n<h2>Zaufali nam:<\/h2>\n<p>[\/et_pb_text][et_pb_text _builder_version=&#8221;4.18.0&#8243; _module_preset=&#8221;default&#8221; hover_enabled=&#8221;0&#8243; sticky_enabled=&#8221;0&#8243;]<\/p>\n<h1><strong>Zak\u0142ady przemys\u0142owe<\/strong><\/h1>\n<ul>\n<li>CNH Industrial Polska Sp. z o.o. &#8211; P\u0142ock<\/li>\n<li>Danfoss Poland Sp. z o.o. Zak\u0142ad Produkcyjny w Grodzisku Mazowieckim<\/li>\n<li>Danfoss Poland Sp. z o.o. Zak\u0142ad Produkcyjny w Tuchomiu<\/li>\n<li>Przedsi\u0119biorstwo Przemys\u0142u Spo\u017cywczego PEPEES S.A. \u2013 \u0141om\u017ca<\/li>\n<li>Mondi Kutno sp. z o.o.<\/li>\n<li>Sonoco Alcore \u2013 Feliks\u00f3w pod Sochaczewem<\/li>\n<li>SOKO\u0141\u00d3W S.A. Zak\u0142ady Mi\u0119sne w Kole<\/li>\n<li>SprintAir S.A. &#8211; Warszawa<\/li>\n<li>Okr\u0119gowa Sp\u00f3\u0142dzielnia Mleczarska w Pi\u0105tnicy<\/li>\n<li>Sp\u00f3\u0142dzielnia Mleczarska w Ostro\u0142\u0119ce<\/li>\n<li>Moniecka Sp\u00f3\u0142dzielnia Mleczarska w Mo\u0144kach<\/li>\n<li>Brintons Agnella &#8211; Bia\u0142ystok<\/li>\n<li>Sp\u00f3\u0142dzielnia Obrotu Towarowego Przemys\u0142u Mleczarskiego \u2013 Bia\u0142ystok<\/li>\n<li>Mispol S.A. &#8211; Bia\u0142ystok<\/li>\n<li>Biazet \u2013 Bis\u0142ystok<\/li>\n<li>SMP &#8211; Bia\u0142ystok<\/li>\n<li>Drukarnia &#8220;PANORAMA&#8221; S.C. LESZEK I MARIA STALE\u0143CZYK<\/li>\n<li>Zeelandia Sp. z o.o. \u2010 Tarnowo Podg\u00f3rne k\/Poznania<\/li>\n<\/ul>\n<h1><strong>Jednostki badawcze, projektowe, zarz\u0105dzanie obiektami<\/strong><\/h1>\n<ul>\n<li>Urz\u0105d Dozoru Technicznego &#8211; Warszawa<\/li>\n<li>Szko\u0142a G\u0142\u00f3wna Gospodarstwa Wiejskiego w Warszawie<\/li>\n<li>Tebodin Poland Sp. z o.o. \u2013 Warszawa<\/li>\n<li>GerPlan Sp. z o.o. \u2013 Warszawa<\/li>\n<li>Green Drop &#8211; Otr\u0119busy<\/li>\n<li>GRANTS Consulting Sp. z o.o.<\/li>\n<li>SOKO\u0141\u00d3W-SERVICE Sp z o.o. \u2013 Soko\u0142\u00f3w Podlaski<\/li>\n<li>Bilfinger HSG Facility Management Sp. z o.o. \u2013 Warszawa<\/li>\n<\/ul>\n<h1><strong>Jednostki bud\u017cetowe i samorz\u0105dowe<\/strong><\/h1>\n<ul>\n<li>Wodoci\u0105gi Bia\u0142ostockie Sp. z o.o.<\/li>\n<li>Zak\u0142ad Wodoci\u0105g\u00f3w, Kanalizacji i Energetyki cieplnej w Wysokiem Mazowieckiem<\/li>\n<li>Przedsi\u0119biorstwo Energetyki Cieplnej Sochaczew Sp. z o.o.<\/li>\n<li>SPZOZ w W\u0119growie<\/li>\n<li>SPZOZ MSW w Bia\u0142ymstoku<\/li>\n<li>Sp\u00f3\u0142dzielnia Mieszkaniowa &#8220;Podlasianka&#8221; w W\u0119growie<\/li>\n<li>Sp\u00f3\u0142dzielnia Mieszkaniowa w Wysokiem Mazowieckiem<\/li>\n<li>Urz\u0105d Gminy Dobryszyce<\/li>\n<li>Urz\u0105d Gminy Teresin<\/li>\n<li>Urz\u0105d Gminy Bia\u0142o\u0142\u0119ka w Warszawie<\/li>\n<\/ul>\n<p style=\"font-weight: 400;\">[\/et_pb_text][\/et_pb_column][\/et_pb_row][\/et_pb_section]<\/p>\n","protected":false},"excerpt":{"rendered":"<p>ReferencjeZaufali nam:Zak\u0142ady przemys\u0142owe CNH Industrial Polska Sp. z o.o. &#8211; P\u0142ock Danfoss Poland Sp. z o.o. Zak\u0142ad Produkcyjny w Grodzisku Mazowieckim Danfoss Poland Sp. z o.o. Zak\u0142ad Produkcyjny w Tuchomiu Przedsi\u0119biorstwo Przemys\u0142u Spo\u017cywczego PEPEES S.A. \u2013 \u0141om\u017ca Mondi Kutno sp. z o.o. Sonoco Alcore \u2013 Feliks\u00f3w pod Sochaczewem SOKO\u0141\u00d3W S.A. Zak\u0142ady Mi\u0119sne w Kole SprintAir [&hellip;]<\/p>\n","protected":false},"author":1,"featured_media":0,"parent":0,"menu_order":0,"comment_status":"closed","ping_status":"closed","template":"","meta":{"_et_pb_use_builder":"on","_et_pb_old_content":"","_et_gb_content_width":"","footnotes":""},"class_list":["post-39","page","type-page","status-publish","hentry"],"aioseo_notices":[],"_links":{"self":[{"href":"https:\/\/synerga-bp.pl\/index.php\/wp-json\/wp\/v2\/pages\/39","targetHints":{"allow":["GET"]}}],"collection":[{"href":"https:\/\/synerga-bp.pl\/index.php\/wp-json\/wp\/v2\/pages"}],"about":[{"href":"https:\/\/synerga-bp.pl\/index.php\/wp-json\/wp\/v2\/types\/page"}],"author":[{"embeddable":true,"href":"https:\/\/synerga-bp.pl\/index.php\/wp-json\/wp\/v2\/users\/1"}],"replies":[{"embeddable":true,"href":"https:\/\/synerga-bp.pl\/index.php\/wp-json\/wp\/v2\/comments?post=39"}],"version-history":[{"count":17,"href":"https:\/\/synerga-bp.pl\/index.php\/wp-json\/wp\/v2\/pages\/39\/revisions"}],"predecessor-version":[{"id":339,"href":"https:\/\/synerga-bp.pl\/index.php\/wp-json\/wp\/v2\/pages\/39\/revisions\/339"}],"wp:attachment":[{"href":"https:\/\/synerga-bp.pl\/index.php\/wp-json\/wp\/v2\/media?parent=39"}],"curies":[{"name":"wp","href":"https:\/\/api.w.org\/{rel}","templated":true}]}}